{"id":529,"date":"2015-04-29T13:36:15","date_gmt":"2015-04-29T11:36:15","guid":{"rendered":"https:\/\/luciaschwalenberg.de\/?page_id=529"},"modified":"2015-10-31T22:58:34","modified_gmt":"2015-10-31T21:58:34","slug":"kontakt","status":"publish","type":"page","link":"https:\/\/luciaschwalenberg.de\/sv\/kontakt\/","title":{"rendered":"Kontakta oss"},"content":{"rendered":"<iframe loading=\"lazy\" width=\"660\" height=\"300\" frameborder=\"0\" scrolling=\"no\" marginheight=\"0\" marginwidth=\"0\" src=\"https:\/\/www.google.com\/maps\/embed?pb=!1m18!1m12!1m3!1d78060.9874720886!2d9.587429492187507!3d52.308637497428656!2m3!1f0!2f0!3f0!3m2!1i1024!2i768!4f13.1!3m3!1m2!1s0x47ba9db6728a8eed%3A0x77b84f7a9cb013c3!2sLucia+Schwalenberg+WEBEREI+%26+TEXTILDESIGN!5e0!3m2!1sde!2sde!4v1432891257182&amp;output=embed\"><\/iframe>\n<p style=\"text-align: center;\">Lucia Schwalenberg<br \/>\nV\u00c4VNING OCH TEXTILDESIGN<\/p>\n<p style=\"text-align: center;\">Neue Strasse 13<br \/>\nD-30974 Wennigsen<\/p>\n<p style=\"text-align: center;\">Telefon: <a href=\"tel:+495103706424\">+49 (0) 5103 &#8211; 70 64 24<\/a><\/p>\n<p style=\"text-align: center;\"><a href=\"mailto:mail@luciaschwalenberg.de\">mail@luciaschwalenberg.de<\/a><\/p>\n<h4>Skriv ett meddelande<\/h4>\n\n<div class=\"wpcf7 no-js\" id=\"wpcf7-f1578-o1\" lang=\"de-DE\" dir=\"ltr\" data-wpcf7-id=\"1578\">\n<div class=\"screen-reader-response\"><p role=\"status\" aria-live=\"polite\" aria-atomic=\"true\"><\/p> <ul><\/ul><\/div>\n<form action=\"\/sv\/wp-json\/wp\/v2\/pages\/529#wpcf7-f1578-o1\" method=\"post\" class=\"wpcf7-form init\" aria-label=\"Kontaktformul\u00e4r\" novalidate=\"novalidate\" data-status=\"init\" data-trp-original-action=\"\/sv\/wp-json\/wp\/v2\/pages\/529#wpcf7-f1578-o1\">\n<fieldset class=\"hidden-fields-container\"><input type=\"hidden\" name=\"_wpcf7\" value=\"1578\" \/><input type=\"hidden\" name=\"_wpcf7_version\" value=\"6.1\" \/><input type=\"hidden\" name=\"_wpcf7_locale\" value=\"de_DE\" \/><input type=\"hidden\" name=\"_wpcf7_unit_tag\" value=\"wpcf7-f1578-o1\" \/><input type=\"hidden\" name=\"_wpcf7_container_post\" value=\"0\" \/><input type=\"hidden\" name=\"_wpcf7_posted_data_hash\" value=\"\" \/><input type=\"hidden\" name=\"_wpcf7_recaptcha_response\" value=\"\" \/>\n<\/fieldset>\n<p><label for=\"your-name\">Ditt f\u00f6r- och efternamn <span>(kr\u00e4vs)<\/span><\/label>\n<\/p>\n<p><span class=\"wpcf7-form-control-wrap\" data-name=\"your-name\"><input size=\"40\" maxlength=\"400\" class=\"wpcf7-form-control wpcf7-text wpcf7-validates-as-required\" id=\"your-name\" aria-required=\"true\" aria-invalid=\"false\" value=\"\" type=\"text\" name=\"your-name\" \/><\/span>\n<\/p>\n<p><label for=\"anschrift\">Din adress<\/label>\n<\/p>\n<p><span class=\"wpcf7-form-control-wrap\" data-name=\"anschrift\"><input size=\"40\" maxlength=\"400\" class=\"wpcf7-form-control wpcf7-text\" id=\"anschrift\" aria-invalid=\"false\" value=\"\" type=\"text\" name=\"anschrift\" \/><\/span>\n<\/p>\n<p><label for=\"telefonnummer\">Ditt telefonnummer<\/label>\n<\/p>\n<p><span class=\"wpcf7-form-control-wrap\" data-name=\"telefonnummer\"><input size=\"40\" maxlength=\"400\" class=\"wpcf7-form-control wpcf7-text\" id=\"telefonnummer\" aria-invalid=\"false\" value=\"\" type=\"text\" name=\"telefonnummer\" \/><\/span>\n<\/p>\n<p><label for=\"your-email\">Din e-postadress <span>(kr\u00e4vs)<\/span><\/label>\n<\/p>\n<p><span class=\"wpcf7-form-control-wrap\" data-name=\"your-email\"><input size=\"40\" maxlength=\"400\" class=\"wpcf7-form-control wpcf7-email wpcf7-validates-as-required wpcf7-text wpcf7-validates-as-email\" id=\"your-email\" aria-required=\"true\" aria-invalid=\"false\" value=\"\" type=\"email\" name=\"your-email\" \/><\/span>\n<\/p>\n<p><label for=\"subject\">\u00c4mne<\/label>\n<\/p>\n<p><span class=\"wpcf7-form-control-wrap\" data-name=\"your-subject\"><input size=\"40\" maxlength=\"400\" class=\"wpcf7-form-control wpcf7-text\" id=\"subject\" aria-invalid=\"false\" value=\"\" type=\"text\" name=\"your-subject\" \/><\/span>\n<\/p>\n<p><label for=\"message\">Ditt meddelande <span>(kr\u00e4vs)<\/span><\/label>\n<\/p>\n<p><span class=\"wpcf7-form-control-wrap\" data-name=\"your-message\"><textarea cols=\"40\" rows=\"10\" maxlength=\"2000\" class=\"wpcf7-form-control wpcf7-textarea wpcf7-validates-as-required\" id=\"message\" aria-required=\"true\" aria-invalid=\"false\" name=\"your-message\"><\/textarea><\/span>\n<\/p>\n<p>Genom att skicka mitt meddelande godk\u00e4nner jag villkoren <a href=\"\/sv\/dataskydd\/\"><i class=\"fa fa-info-circle\"><\/i>Best\u00e4mmelser om dataskydd<\/a> h\u00e5ller med.\n<\/p>\n\n<p><input class=\"wpcf7-form-control wpcf7-submit has-spinner\" type=\"submit\" value=\"Skicka\" \/>\n<\/p><div class=\"wpcf7-response-output\" aria-hidden=\"true\"><\/div>\n<input type=\"hidden\" name=\"trp-form-language\" value=\"sv\"\/><\/form>\n<\/div>","protected":false},"excerpt":{"rendered":"<p>Lucia Schwalenberg WEBEREI &amp; TEXTILDESIGN Neue Stra\u00dfe 13 D-30974 Wennigsen Telefon: +49 (0) 5103 &#8211; 70 64 24 mail@luciaschwalenberg.de Schreiben Sie eine Nachricht<\/p>","protected":false},"author":1,"featured_media":0,"parent":0,"menu_order":0,"comment_status":"closed","ping_status":"open","template":"","meta":{"_acf_changed":false,"footnotes":""},"class_list":["post-529","page","type-page","status-publish","hentry"],"acf":[],"yoast_head":"<!-- This site is optimized with the Yoast SEO plugin v25.6 - https:\/\/yoast.com\/wordpress\/plugins\/seo\/ -->\n<title>Kontakt - Lucia Schwalenberg<\/title>\n<meta name=\"description\" content=\"Schreiben Sie mir eine Nachricht. Ich bin gerne f\u00fcr Sie da. - Kontakt zu Handwebmeisterin und Textildesignerin Lucia Schwalenberg aufnehmen.\" \/>\n<meta name=\"robots\" content=\"index, follow, max-snippet:-1, max-image-preview:large, max-video-preview:-1\" \/>\n<link rel=\"canonical\" href=\"https:\/\/luciaschwalenberg.de\/sv\/kontakt\/\" \/>\n<meta property=\"og:locale\" content=\"sv_SE\" \/>\n<meta property=\"og:type\" content=\"article\" \/>\n<meta property=\"og:title\" content=\"Kontakt - Lucia Schwalenberg\" \/>\n<meta property=\"og:description\" content=\"Schreiben Sie mir eine Nachricht. Ich bin gerne f\u00fcr Sie da. - Kontakt zu Handwebmeisterin und Textildesignerin Lucia Schwalenberg aufnehmen.\" \/>\n<meta property=\"og:url\" content=\"https:\/\/luciaschwalenberg.de\/sv\/kontakt\/\" \/>\n<meta property=\"og:site_name\" content=\"Lucia Schwalenberg\" \/>\n<meta property=\"article:publisher\" content=\"https:\/\/www.facebook.com\/webereiluciaschwalenberg\" \/>\n<meta property=\"article:modified_time\" content=\"2015-10-31T21:58:34+00:00\" \/>\n<meta name=\"twitter:card\" content=\"summary_large_image\" \/>\n<meta name=\"twitter:site\" content=\"@luciaweberei\" \/>\n<script type=\"application\/ld+json\" class=\"yoast-schema-graph\">{\"@context\":\"https:\/\/schema.org\",\"@graph\":[{\"@type\":\"WebPage\",\"@id\":\"https:\/\/luciaschwalenberg.de\/kontakt\/\",\"url\":\"https:\/\/luciaschwalenberg.de\/kontakt\/\",\"name\":\"Kontakt - Lucia Schwalenberg\",\"isPartOf\":{\"@id\":\"https:\/\/luciaschwalenberg.de\/#website\"},\"datePublished\":\"2015-04-29T11:36:15+00:00\",\"dateModified\":\"2015-10-31T21:58:34+00:00\",\"description\":\"Schreiben Sie mir eine Nachricht. Ich bin gerne f\u00fcr Sie da. - Kontakt zu Handwebmeisterin und Textildesignerin Lucia Schwalenberg aufnehmen.\",\"breadcrumb\":{\"@id\":\"https:\/\/luciaschwalenberg.de\/kontakt\/#breadcrumb\"},\"inLanguage\":\"sv-SE\",\"potentialAction\":[{\"@type\":\"ReadAction\",\"target\":[\"https:\/\/luciaschwalenberg.de\/kontakt\/\"]}]},{\"@type\":\"BreadcrumbList\",\"@id\":\"https:\/\/luciaschwalenberg.de\/kontakt\/#breadcrumb\",\"itemListElement\":[{\"@type\":\"ListItem\",\"position\":1,\"name\":\"Home\",\"item\":\"https:\/\/luciaschwalenberg.de\/\"},{\"@type\":\"ListItem\",\"position\":2,\"name\":\"Kontakt\"}]},{\"@type\":\"WebSite\",\"@id\":\"https:\/\/luciaschwalenberg.de\/#website\",\"url\":\"https:\/\/luciaschwalenberg.de\/\",\"name\":\"Lucia Schwalenberg\",\"description\":\"WEBEREI &amp; TEXTILDESIGN\",\"publisher\":{\"@id\":\"https:\/\/luciaschwalenberg.de\/#organization\"},\"potentialAction\":[{\"@type\":\"SearchAction\",\"target\":{\"@type\":\"EntryPoint\",\"urlTemplate\":\"https:\/\/luciaschwalenberg.de\/?s={search_term_string}\"},\"query-input\":{\"@type\":\"PropertyValueSpecification\",\"valueRequired\":true,\"valueName\":\"search_term_string\"}}],\"inLanguage\":\"sv-SE\"},{\"@type\":\"Organization\",\"@id\":\"https:\/\/luciaschwalenberg.de\/#organization\",\"name\":\"Weberei und Textildesign Lucia Schwalenberg\",\"url\":\"https:\/\/luciaschwalenberg.de\/\",\"logo\":{\"@type\":\"ImageObject\",\"inLanguage\":\"sv-SE\",\"@id\":\"https:\/\/luciaschwalenberg.de\/#\/schema\/logo\/image\/\",\"url\":\"https:\/\/luciaschwalenberg.de\/wp-content\/uploads\/logo-alt-lucia4.png\",\"contentUrl\":\"https:\/\/luciaschwalenberg.de\/wp-content\/uploads\/logo-alt-lucia4.png\",\"width\":246,\"height\":169,\"caption\":\"Weberei und Textildesign Lucia Schwalenberg\"},\"image\":{\"@id\":\"https:\/\/luciaschwalenberg.de\/#\/schema\/logo\/image\/\"},\"sameAs\":[\"https:\/\/www.facebook.com\/webereiluciaschwalenberg\",\"https:\/\/x.com\/luciaweberei\"]}]}<\/script>\n<!-- \/ Yoast SEO plugin. -->","yoast_head_json":{"title":"Kontakt - Lucia Schwalenberg","description":"Skriv ett meddelande till mig. Jag hj\u00e4lper dig g\u00e4rna. - Kontakta handv\u00e4verim\u00e4stare och textildesigner Lucia Schwalenberg.","robots":{"index":"index","follow":"follow","max-snippet":"max-snippet:-1","max-image-preview":"max-image-preview:large","max-video-preview":"max-video-preview:-1"},"canonical":"https:\/\/luciaschwalenberg.de\/sv\/kontakt\/","og_locale":"sv_SE","og_type":"article","og_title":"Kontakt - Lucia Schwalenberg","og_description":"Schreiben Sie mir eine Nachricht. Ich bin gerne f\u00fcr Sie da. - Kontakt zu Handwebmeisterin und Textildesignerin Lucia Schwalenberg aufnehmen.","og_url":"https:\/\/luciaschwalenberg.de\/sv\/kontakt\/","og_site_name":"Lucia Schwalenberg","article_publisher":"https:\/\/www.facebook.com\/webereiluciaschwalenberg","article_modified_time":"2015-10-31T21:58:34+00:00","twitter_card":"summary_large_image","twitter_site":"@luciaweberei","schema":{"@context":"https:\/\/schema.org","@graph":[{"@type":"WebPage","@id":"https:\/\/luciaschwalenberg.de\/kontakt\/","url":"https:\/\/luciaschwalenberg.de\/kontakt\/","name":"Kontakt - Lucia Schwalenberg","isPartOf":{"@id":"https:\/\/luciaschwalenberg.de\/#website"},"datePublished":"2015-04-29T11:36:15+00:00","dateModified":"2015-10-31T21:58:34+00:00","description":"Skriv ett meddelande till mig. Jag hj\u00e4lper dig g\u00e4rna. - Kontakta handv\u00e4verim\u00e4stare och textildesigner Lucia Schwalenberg.","breadcrumb":{"@id":"https:\/\/luciaschwalenberg.de\/kontakt\/#breadcrumb"},"inLanguage":"sv-SE","potentialAction":[{"@type":"ReadAction","target":["https:\/\/luciaschwalenberg.de\/kontakt\/"]}]},{"@type":"BreadcrumbList","@id":"https:\/\/luciaschwalenberg.de\/kontakt\/#breadcrumb","itemListElement":[{"@type":"ListItem","position":1,"name":"Home","item":"https:\/\/luciaschwalenberg.de\/"},{"@type":"ListItem","position":2,"name":"Kontakt"}]},{"@type":"WebSite","@id":"https:\/\/luciaschwalenberg.de\/#website","url":"https:\/\/luciaschwalenberg.de\/","name":"Lucia Schwalenberg","description":"V\u00c4VNING OCH TEXTILDESIGN","publisher":{"@id":"https:\/\/luciaschwalenberg.de\/#organization"},"potentialAction":[{"@type":"SearchAction","target":{"@type":"EntryPoint","urlTemplate":"https:\/\/luciaschwalenberg.de\/?s={search_term_string}"},"query-input":{"@type":"PropertyValueSpecification","valueRequired":true,"valueName":"search_term_string"}}],"inLanguage":"sv-SE"},{"@type":"Organization","@id":"https:\/\/luciaschwalenberg.de\/#organization","name":"V\u00e4vning och textildesign Lucia Schwalenberg","url":"https:\/\/luciaschwalenberg.de\/","logo":{"@type":"ImageObject","inLanguage":"sv-SE","@id":"https:\/\/luciaschwalenberg.de\/#\/schema\/logo\/image\/","url":"https:\/\/luciaschwalenberg.de\/wp-content\/uploads\/logo-alt-lucia4.png","contentUrl":"https:\/\/luciaschwalenberg.de\/wp-content\/uploads\/logo-alt-lucia4.png","width":246,"height":169,"caption":"Weberei und Textildesign Lucia Schwalenberg"},"image":{"@id":"https:\/\/luciaschwalenberg.de\/#\/schema\/logo\/image\/"},"sameAs":["https:\/\/www.facebook.com\/webereiluciaschwalenberg","https:\/\/x.com\/luciaweberei"]}]}},"_links":{"self":[{"href":"https:\/\/luciaschwalenberg.de\/sv\/wp-json\/wp\/v2\/pages\/529","targetHints":{"allow":["GET"]}}],"collection":[{"href":"https:\/\/luciaschwalenberg.de\/sv\/wp-json\/wp\/v2\/pages"}],"about":[{"href":"https:\/\/luciaschwalenberg.de\/sv\/wp-json\/wp\/v2\/types\/page"}],"author":[{"embeddable":true,"href":"https:\/\/luciaschwalenberg.de\/sv\/wp-json\/wp\/v2\/users\/1"}],"replies":[{"embeddable":true,"href":"https:\/\/luciaschwalenberg.de\/sv\/wp-json\/wp\/v2\/comments?post=529"}],"version-history":[{"count":0,"href":"https:\/\/luciaschwalenberg.de\/sv\/wp-json\/wp\/v2\/pages\/529\/revisions"}],"wp:attachment":[{"href":"https:\/\/luciaschwalenberg.de\/sv\/wp-json\/wp\/v2\/media?parent=529"}],"curies":[{"name":"wp","href":"https:\/\/api.w.org\/{rel}","templated":true}]}}