{"id":2,"date":"2015-04-21T18:09:19","date_gmt":"2015-04-21T16:09:19","guid":{"rendered":"http:\/\/luciaschwalenberg.de\/?page_id=2"},"modified":"2021-11-04T13:31:57","modified_gmt":"2021-11-04T12:31:57","slug":"biografi","status":"publish","type":"page","link":"https:\/\/luciaschwalenberg.de\/sv\/biografi\/","title":{"rendered":"Biografi"},"content":{"rendered":"<div><strong>2021<\/strong><\/div>\n<p>Universitetssamarbete Trip Finland \"Textilstudier, makerspaces och hantverksutbildning<\/p>\n<div><\/div>\n<div><strong>2020<\/strong><\/div>\n<p>Arkivforskning, avhandlingsprojektet \"Beiderwand-v\u00e4veriet Meldorf som en textil minnesplats\".<\/p>\n<div><\/div>\n<div><strong>Sedan 2019<\/strong><\/div>\n<p>Forskningsassistent\/PhD-enhet University of Osnabr\u00fcck\/Textildesign<\/p>\n<p>Samlingsutveckling f\u00f6r det historiska v\u00e4veriet Beiderwand vid Mensch Foundation i Meldorf<\/p>\n<div><\/div>\n<div><strong>2018\/19<\/strong><\/div>\n<p><strong>Vid andra anblicken - Bauhaus tyger som inspiration<\/strong><br \/>\nSamarbetsprojekt Textildesign\/Universitetet i Osnabr\u00fcck - Tuchmacher Museum Bramsche<br \/>\nSamordning av det tekniska genomf\u00f6randet p\u00e5 museet Jacquard, urval av arkivfragment fr\u00e5n Bauhaus-m\u00e4staren Gunta St\u00f6lzl, utveckling av en samling yllefiltar med studenter, dokumentation, st\u00f6d f\u00f6r utst\u00e4llningsf\u00f6rberedelser, PR och publicering.<\/p>\n<p><strong>Akademisk halsduk f\u00f6r doktorander vid universitetet i Osnabr\u00fcck<\/strong><br \/>\nSamarbetsprojekt Textildesign - Presidium University of Osnabr\u00fcck<br \/>\nForskning, elevernas designutveckling, samordning,<br \/>\nProduktionsst\u00f6d Historische Weberei Egelkraut\/Udo van der Kolk, dokumentation, redigering av medf\u00f6ljande publikation<\/p>\n<p><strong>En kl\u00e4nning f\u00f6r bordet<\/strong><br \/>\nDesignsamarbete med Seegers jacquard-v\u00e4veri<br \/>\nDesignutveckling, samordning av tekniskt genomf\u00f6rande, dokumentation,<br \/>\nRedigering av den \u00e5tf\u00f6ljande publikationen<\/p>\n<div><strong>2018<\/strong><\/div>\n<p><strong>Inspirationsk\u00e4lla Sri Lanka<\/strong><br \/>\nTre veckors textilutflykt Sri Lanka\/Universitetet i Osnabr\u00fcck Prof. Dr. B\u00e4rbel Schmidt<br \/>\nDesignutveckling av studenterna f\u00f6r \"Woman Weave Project\" i det tidigare tamilska krigsomr\u00e5det, workshop med tamilska kvinnor, bes\u00f6k hos icke-statliga organisationer, produktionsplatser, universitet, kulturinstitut och museer.<\/p>\n<p><strong>Tufting Workshop Sverige<\/strong><br \/>\nTv\u00e5 veckors textilresa till Sverige: Bes\u00f6k p\u00e5 universitet, museer och f\u00f6retag,<br \/>\nWorkshop om tuftning som f\u00f6rberedelse inf\u00f6r idrifttagningen av tuftningsanl\u00e4ggningen i Osnabr\u00fcck<\/p>\n<div><strong>2017\/18<\/strong><\/div>\n<div><strong>Omstrukturering av workshopomr\u00e5det f\u00f6r textildesign vid universitetet i Osnabr\u00fcck<\/strong><\/div>\n<p>Restaurering av h\u00e5lkortsjacquard med h\u00e5lkortsmaskin, upphandling och drifts\u00e4ttning av digital jacquard\/TC2, forskning och dokumentation, material, utst\u00e4llningsvitriner<\/p>\n<p><strong>Yta och struktur - M\u00f6nster och material<\/strong><br \/>\nF\u00f6rel\u00e4sning Kunsthochschule Kassel\/Design av textilprodukter Kunsthochschule Kassel<\/p>\n<div><strong>2015 &#8211; 2017<\/strong><\/div>\n<p><strong>Utbildning vid Digital Jacquard\/Digitala program<\/strong><br \/>\nWorkshops p\u00e5 Digital Weaving Norway\/Vibeke Vestby p\u00e5 Digitaljacquard TC2<br \/>\nWorkshops p\u00e5 Fondacione Lisio Florence\/Eva Basile om h\u00e5lkort och digital jacquard<\/p>\n<p><strong>2015<\/strong><br \/>\nTillverkning i sm\u00e5 serier vid Industrial Jacquard Textiles Centre Haslach\/\u00d6sterrike<br \/>\nJacquardkurs Fondacione Lisio, Florens Italien<\/p>\n<div><strong>2013\/2014<\/strong><br \/>\nInternational Postgraduate Shuttle\/Textile, Linz University of Art\/\u00d6sterrike<\/div>\n<p>Prototyptillverkning vid Industriejacquard, TextilLab Tilburg\/Nederl\u00e4nderna<\/p>\n<p><strong>sedan 2012<\/strong><br \/>\nF\u00f6rel\u00e4sning i textildesign, universitetet i Osnabr\u00fcck<\/p>\n<p><strong>2009-2011<\/strong><br \/>\nInservice master class v\u00e4vning, master examination<\/p>\n<div><strong>sedan 2001<\/strong><\/div>\n<p>Egen f\u00f6retagare inom designutveckling\/v\u00e4vning, serier\/uniquer, undervisningsuppdrag och samarbeten<\/p>\n<p><strong>1996-2001<\/strong><br \/>\nTextildesign vid Hannovers universitet f\u00f6r till\u00e4mpade vetenskaper och konst<br \/>\nG\u00e4sttermin Somerset College of Art and Design Taunton\/G\u00f6teborg<\/p>\n<p><strong>1989-1995<\/strong><br \/>\nYrkesverksamma \u00e5r inom journalistik: PR, TV-redaktion, praktik<\/p>\n<p><strong>1983-1989<\/strong><br \/>\nJournalistikstudier i M\u00fcnchen<\/p>\n<p><strong>Priser och utm\u00e4rkelser<\/strong><br \/>\n2016 2:a pris f\u00f6r till\u00e4mpad konst Zeughausmesse, Dt. Hist. Museum Berlin<br \/>\n2015 Nominerad till German Design Award f\u00f6r Jacquard-bordslinne<br \/>\n2014 Nominering Auguste Papendieck-priset Bremen<br \/>\n2014 Nominerad till German Design Award f\u00f6r en serie cr\u00eapetyger<br \/>\n2013 Niedersachsens statliga pris f\u00f6r formgivning av hantverk<br \/>\n2013 Hedersomn\u00e4mnande Cheongju International Craft Biennale, Korea<br \/>\n2012 Nominering Auguste Papendieck-priset Bremen<br \/>\n2011 2:a pris Designpreis Braunschweig, kategori Mode &amp; Textil<br \/>\n1994 Heinrich B\u00f6ll-stipendium<\/p>\n<div><strong>Arbete i det offentliga rummet<\/strong><\/div>\n<div>2018 Antependium i lila S:t Mikaelskyrkan Ronnenberg<\/div>\n<p>2016 Grassimusem Leipzig, ink\u00f6p av en silkesstola, handv\u00e4vd \u00f6ver 24 skaft<br \/>\n2014 Grassimuseum Leipzig, ink\u00f6p av en jacquardl\u00f6pare<br \/>\n2013 Antependium i gr\u00f6nt f\u00f6r St. J\u00fcrgen-kyrkan Heuer\u00dfen<br \/>\n2002 Antependium f\u00f6r Expo-kyrkan i Kronsberg Hannover<\/p>\n<div><strong>Utst\u00e4llningar<\/strong><\/div>\n<div><strong>2021<\/strong><\/div>\n<div>Lotte Hofmann Textilkonstutst\u00e4llning, Handwerksform Hannover<\/div>\n<div>Samlingsutveckling f\u00f6r Beiderwandweberei Meldorf, Galerie Stichpunkt Osnabr\u00fcck<\/div>\n<div><strong>2020<\/strong><\/div>\n<div>Bavarian Arts and Crafts Association, Galleri<\/div>\n<div><strong>2019<\/strong><\/div>\n<div>Bauhaus-tyger som inspiration, Tuchmacher Museum Bramsche<\/div>\n<div>Galleri Kathrin S\u00e4ttele Hildesheim<\/div>\n<div><strong>2018<\/strong><\/div>\n<div>Museum August Kestner Hanover, Museum f\u00fcr Kunst und Gewerbe Hamburg\/Jahresmesse, Handwerksform Hanover<\/div>\n<div><strong>2017<\/strong><\/div>\n<div>Grassi-m\u00e4ssan, Grassi-museet i Leipzig<\/div>\n<div><strong>2016<\/strong><\/div>\n<div>Grassimuseum Leipzig, \"Fabrics that touch\" Bayerischer Kunstgewerbeverein M\u00fcnchen, IHM M\u00fcnchen, Zeughausmesse Tyska historiska museet Berlin, Museum August Kestner Hannover<\/div>\n<div><strong>2015<\/strong><\/div>\n<div>Grassimuseum Leipzig, Museum f\u00fcr Kunst und Gewerbe Hamburg, Textil- och industrimuseum Augsburg, Heimtextil Frankfurt<\/div>\n<div><strong>2014<\/strong><br \/>\nTextil- och industrimuseet i Augsburg, Grassimuseum i Leipzig, Slowcraft Designcenter i Stuttgart, Heimtextil i Frankfurt<\/div>\n<div><strong>2013<\/strong><br \/>\nDelstaten Niedersachsens pris Hannover, t\u00e4vlingsbidrag till Auguste Papendieck-priset Bremen, Cheongju International Craft Biennale\/German Arts and Craft Korea<\/div>\n<div><strong>2012<\/strong><br \/>\nHandweavers Studio &amp; Gallery London \"Weaving Textiles\"London, Grassimesse Leipzig<\/div>\n<div><strong>2011<\/strong><br \/>\nTexile Kultur Haslach \u00d6sterrike, Textilmuseum Neum\u00fcnster, Museum f\u00fcr Kunst und Gewerbe Hamburg<\/div>\n<div><strong>2010<\/strong><br \/>\nZeughausmesse Berlin, Grassimesse Leipzig, Museum f\u00fcr Kunst und Gewerbe Hamburg<\/div>\n<div><strong>2009<\/strong><br \/>\nMuseum f\u00f6r konst och hantverk Hamburg<\/div>\n<div>Triennalen f\u00f6r nordtyskt konsthantverk, Gottorf Castle Schleswig (s\u00e5ledes 2006)<\/div>","protected":false},"excerpt":{"rendered":"<p>2021 Universitetssamarbete resa Finland \"Textile Studies, Makerspaces and Craft-Education\" 2020 Arkivforskning, avhandlingsprojekt \"Die Beiderwandweberei Meldorf als textiler Erinnerungsort\" Sedan 2019 Forskningsassistent \/ doktorandtj\u00e4nst University of Osnabr\u00fcck\/Textiles Design Samlingsutveckling f\u00f6r den historiska Beiderwand-v\u00e4veriet av Mensch Foundation i Meldorf 2018\/19 At second glance - Bauhaus tyger som inspiration Samarbetsprojekt Textiles Design\/University of Osnabr\u00fcck - Tuchmacher Museum Bramsche Koordinering av det tekniska f\u00f6rverkligandet ... <a href=\"https:\/\/luciaschwalenberg.de\/sv\/biografi\/\" class=\"more-link\">Forts\u00e4tt l\u00e4sa <span class=\"screen-reader-text\">Biografi<\/span><\/a><\/p>","protected":false},"author":1,"featured_media":0,"parent":0,"menu_order":3,"comment_status":"closed","ping_status":"closed","template":"","meta":{"_acf_changed":false,"footnotes":""},"class_list":["post-2","page","type-page","status-publish","hentry"],"acf":[],"yoast_head":"<!-- This site is optimized with the Yoast SEO plugin v25.6 - https:\/\/yoast.com\/wordpress\/plugins\/seo\/ -->\n<title>Biografie Lucia Schwalenberg<\/title>\n<meta name=\"description\" content=\"Die Biografie der Handwebmeisterin und Textildesignerin Lucia Schwalenberg\" \/>\n<meta name=\"robots\" content=\"index, follow, max-snippet:-1, max-image-preview:large, max-video-preview:-1\" \/>\n<link rel=\"canonical\" href=\"https:\/\/luciaschwalenberg.de\/sv\/biografi\/\" \/>\n<meta property=\"og:locale\" content=\"sv_SE\" \/>\n<meta property=\"og:type\" content=\"article\" \/>\n<meta property=\"og:title\" content=\"Biografie Lucia Schwalenberg\" \/>\n<meta property=\"og:description\" content=\"Die Biografie der Handwebmeisterin und Textildesignerin Lucia Schwalenberg\" \/>\n<meta property=\"og:url\" content=\"https:\/\/luciaschwalenberg.de\/sv\/biografi\/\" \/>\n<meta property=\"og:site_name\" content=\"Lucia Schwalenberg\" \/>\n<meta property=\"article:publisher\" content=\"https:\/\/www.facebook.com\/webereiluciaschwalenberg\" \/>\n<meta property=\"article:modified_time\" content=\"2021-11-04T12:31:57+00:00\" \/>\n<meta name=\"twitter:card\" content=\"summary_large_image\" \/>\n<meta name=\"twitter:site\" content=\"@luciaweberei\" \/>\n<meta name=\"twitter:label1\" content=\"Ber\u00e4knad l\u00e4stid\" \/>\n\t<meta name=\"twitter:data1\" content=\"3 minuter\" \/>\n<script type=\"application\/ld+json\" class=\"yoast-schema-graph\">{\"@context\":\"https:\/\/schema.org\",\"@graph\":[{\"@type\":\"WebPage\",\"@id\":\"https:\/\/luciaschwalenberg.de\/biografie\/\",\"url\":\"https:\/\/luciaschwalenberg.de\/biografie\/\",\"name\":\"Biografie Lucia Schwalenberg\",\"isPartOf\":{\"@id\":\"https:\/\/luciaschwalenberg.de\/#website\"},\"datePublished\":\"2015-04-21T16:09:19+00:00\",\"dateModified\":\"2021-11-04T12:31:57+00:00\",\"description\":\"Die Biografie der Handwebmeisterin und Textildesignerin Lucia Schwalenberg\",\"breadcrumb\":{\"@id\":\"https:\/\/luciaschwalenberg.de\/biografie\/#breadcrumb\"},\"inLanguage\":\"sv-SE\",\"potentialAction\":[{\"@type\":\"ReadAction\",\"target\":[\"https:\/\/luciaschwalenberg.de\/biografie\/\"]}]},{\"@type\":\"BreadcrumbList\",\"@id\":\"https:\/\/luciaschwalenberg.de\/biografie\/#breadcrumb\",\"itemListElement\":[{\"@type\":\"ListItem\",\"position\":1,\"name\":\"Home\",\"item\":\"https:\/\/luciaschwalenberg.de\/\"},{\"@type\":\"ListItem\",\"position\":2,\"name\":\"Biografie\"}]},{\"@type\":\"WebSite\",\"@id\":\"https:\/\/luciaschwalenberg.de\/#website\",\"url\":\"https:\/\/luciaschwalenberg.de\/\",\"name\":\"Lucia Schwalenberg\",\"description\":\"WEBEREI &amp; TEXTILDESIGN\",\"publisher\":{\"@id\":\"https:\/\/luciaschwalenberg.de\/#organization\"},\"potentialAction\":[{\"@type\":\"SearchAction\",\"target\":{\"@type\":\"EntryPoint\",\"urlTemplate\":\"https:\/\/luciaschwalenberg.de\/?s={search_term_string}\"},\"query-input\":{\"@type\":\"PropertyValueSpecification\",\"valueRequired\":true,\"valueName\":\"search_term_string\"}}],\"inLanguage\":\"sv-SE\"},{\"@type\":\"Organization\",\"@id\":\"https:\/\/luciaschwalenberg.de\/#organization\",\"name\":\"Weberei und Textildesign Lucia Schwalenberg\",\"url\":\"https:\/\/luciaschwalenberg.de\/\",\"logo\":{\"@type\":\"ImageObject\",\"inLanguage\":\"sv-SE\",\"@id\":\"https:\/\/luciaschwalenberg.de\/#\/schema\/logo\/image\/\",\"url\":\"https:\/\/luciaschwalenberg.de\/wp-content\/uploads\/logo-alt-lucia4.png\",\"contentUrl\":\"https:\/\/luciaschwalenberg.de\/wp-content\/uploads\/logo-alt-lucia4.png\",\"width\":246,\"height\":169,\"caption\":\"Weberei und Textildesign Lucia Schwalenberg\"},\"image\":{\"@id\":\"https:\/\/luciaschwalenberg.de\/#\/schema\/logo\/image\/\"},\"sameAs\":[\"https:\/\/www.facebook.com\/webereiluciaschwalenberg\",\"https:\/\/x.com\/luciaweberei\"]}]}<\/script>\n<!-- \/ Yoast SEO plugin. -->","yoast_head_json":{"title":"Biografi Lucia Schwalenberg","description":"Biografi \u00f6ver handv\u00e4vm\u00e4staren och textildesignern Lucia Schwalenberg","robots":{"index":"index","follow":"follow","max-snippet":"max-snippet:-1","max-image-preview":"max-image-preview:large","max-video-preview":"max-video-preview:-1"},"canonical":"https:\/\/luciaschwalenberg.de\/sv\/biografi\/","og_locale":"sv_SE","og_type":"article","og_title":"Biografie Lucia Schwalenberg","og_description":"Die Biografie der Handwebmeisterin und Textildesignerin Lucia Schwalenberg","og_url":"https:\/\/luciaschwalenberg.de\/sv\/biografi\/","og_site_name":"Lucia Schwalenberg","article_publisher":"https:\/\/www.facebook.com\/webereiluciaschwalenberg","article_modified_time":"2021-11-04T12:31:57+00:00","twitter_card":"summary_large_image","twitter_site":"@luciaweberei","twitter_misc":{"Ber\u00e4knad l\u00e4stid":"3 minuter"},"schema":{"@context":"https:\/\/schema.org","@graph":[{"@type":"WebPage","@id":"https:\/\/luciaschwalenberg.de\/biografie\/","url":"https:\/\/luciaschwalenberg.de\/biografie\/","name":"Biografi Lucia Schwalenberg","isPartOf":{"@id":"https:\/\/luciaschwalenberg.de\/#website"},"datePublished":"2015-04-21T16:09:19+00:00","dateModified":"2021-11-04T12:31:57+00:00","description":"Biografi \u00f6ver handv\u00e4vm\u00e4staren och textildesignern Lucia Schwalenberg","breadcrumb":{"@id":"https:\/\/luciaschwalenberg.de\/biografie\/#breadcrumb"},"inLanguage":"sv-SE","potentialAction":[{"@type":"ReadAction","target":["https:\/\/luciaschwalenberg.de\/biografie\/"]}]},{"@type":"BreadcrumbList","@id":"https:\/\/luciaschwalenberg.de\/biografie\/#breadcrumb","itemListElement":[{"@type":"ListItem","position":1,"name":"Home","item":"https:\/\/luciaschwalenberg.de\/"},{"@type":"ListItem","position":2,"name":"Biografie"}]},{"@type":"WebSite","@id":"https:\/\/luciaschwalenberg.de\/#website","url":"https:\/\/luciaschwalenberg.de\/","name":"Lucia Schwalenberg","description":"V\u00c4VNING OCH TEXTILDESIGN","publisher":{"@id":"https:\/\/luciaschwalenberg.de\/#organization"},"potentialAction":[{"@type":"SearchAction","target":{"@type":"EntryPoint","urlTemplate":"https:\/\/luciaschwalenberg.de\/?s={search_term_string}"},"query-input":{"@type":"PropertyValueSpecification","valueRequired":true,"valueName":"search_term_string"}}],"inLanguage":"sv-SE"},{"@type":"Organization","@id":"https:\/\/luciaschwalenberg.de\/#organization","name":"V\u00e4vning och textildesign Lucia Schwalenberg","url":"https:\/\/luciaschwalenberg.de\/","logo":{"@type":"ImageObject","inLanguage":"sv-SE","@id":"https:\/\/luciaschwalenberg.de\/#\/schema\/logo\/image\/","url":"https:\/\/luciaschwalenberg.de\/wp-content\/uploads\/logo-alt-lucia4.png","contentUrl":"https:\/\/luciaschwalenberg.de\/wp-content\/uploads\/logo-alt-lucia4.png","width":246,"height":169,"caption":"Weberei und Textildesign Lucia Schwalenberg"},"image":{"@id":"https:\/\/luciaschwalenberg.de\/#\/schema\/logo\/image\/"},"sameAs":["https:\/\/www.facebook.com\/webereiluciaschwalenberg","https:\/\/x.com\/luciaweberei"]}]}},"_links":{"self":[{"href":"https:\/\/luciaschwalenberg.de\/sv\/wp-json\/wp\/v2\/pages\/2","targetHints":{"allow":["GET"]}}],"collection":[{"href":"https:\/\/luciaschwalenberg.de\/sv\/wp-json\/wp\/v2\/pages"}],"about":[{"href":"https:\/\/luciaschwalenberg.de\/sv\/wp-json\/wp\/v2\/types\/page"}],"author":[{"embeddable":true,"href":"https:\/\/luciaschwalenberg.de\/sv\/wp-json\/wp\/v2\/users\/1"}],"replies":[{"embeddable":true,"href":"https:\/\/luciaschwalenberg.de\/sv\/wp-json\/wp\/v2\/comments?post=2"}],"version-history":[{"count":0,"href":"https:\/\/luciaschwalenberg.de\/sv\/wp-json\/wp\/v2\/pages\/2\/revisions"}],"wp:attachment":[{"href":"https:\/\/luciaschwalenberg.de\/sv\/wp-json\/wp\/v2\/media?parent=2"}],"curies":[{"name":"wp","href":"https:\/\/api.w.org\/{rel}","templated":true}]}}