{"id":7,"date":"2015-04-21T23:03:35","date_gmt":"2015-04-21T21:03:35","guid":{"rendered":"https:\/\/luciaschwalenberg.de\/?page_id=7"},"modified":"2018-07-20T16:08:11","modified_gmt":"2018-07-20T14:08:11","slug":"protezione-dei-dati","status":"publish","type":"page","link":"https:\/\/luciaschwalenberg.de\/it\/protezione-dei-dati\/","title":{"rendered":"Informativa sulla privacy"},"content":{"rendered":"<p><strong><u>Informativa sulla privacy<\/u><\/strong><\/p>\n<div>Raccogliamo, utilizziamo e memorizziamo i vostri dati personali esclusivamente nell'ambito delle disposizioni vigenti in materia di protezione dei dati della Repubblica Federale di Germania. Di seguito vi informiamo sul tipo, l'ambito e lo scopo della raccolta e dell'utilizzo dei dati.<\/div>\n<div><\/div>\n<div>\n<ol>\n<li><strong> Organismo responsabile<\/strong><\/li>\n<\/ol>\n<\/div>\n<div>Il gestore del sito web sotto il dominio https:\/\/www.luciaschwalenberg.de e quindi il soggetto responsabile \u00e8<\/div>\n<div><\/div>\n<div>Lucia Schwalenberg<\/div>\n<div>Nuova Str. 13<\/div>\n<div>30974 Wennigsen\/ Germania<\/div>\n<div><\/div>\n<div>\n<ol start=\"2\">\n<li><strong> Raccolta e trattamento dei dati generali<\/strong><\/li>\n<\/ol>\n<\/div>\n<div>Ogni accesso al nostro sito web e ogni recupero di un file memorizzato su questo sito web viene registrato. La memorizzazione serve a scopi statistici e di sistema interni. Vengono registrati i seguenti dati: Nome del file recuperato, data e ora del recupero, quantit\u00e0 di dati trasferiti, notifica del recupero riuscito, browser web e dominio richiedente. Inoltre, vengono registrati gli indirizzi IP dei computer richiedenti. Ulteriori dati personali vengono raccolti solo se l'utente del sito web e\/o il cliente fornisce volontariamente informazioni, ad esempio nell'ambito di una richiesta o di una registrazione o per la stipula di un contratto o tramite le impostazioni del browser.<\/div>\n<div>\n<ol start=\"3\">\n<li><strong> Raccolta di dati personali<\/strong><\/li>\n<\/ol>\n<\/div>\n<div>I dati personali ai sensi delle presenti norme sulla protezione dei dati sono dati individuali relativi alla vostra situazione personale o di fatto. Si tratta in particolare del vostro nome, del vostro indirizzo e-mail, del vostro numero di telefono e, se del caso, del vostro indirizzo, nella misura in cui ce lo avete comunicato.<\/div>\n<div>I dati personali comprendono anche informazioni sull'utilizzo del nostro sito web. In questo contesto, raccogliamo i vostri dati personali come segue: Informazioni sulle vostre visite al nostro sito web, come ad esempio l'entit\u00e0 del trasferimento di dati, il luogo da cui recuperate i dati dal nostro sito web e altri dati e fonti di connessione che recuperate. Ci\u00f2 avviene solitamente attraverso l'uso di file di log e cookie. Di seguito troverete ulteriori informazioni sui file di log e sui cookie.<\/div>\n<div><\/div>\n<div>Inoltre, i dati raccolti comprendono anche i dati ricevuti dall'utente nel corso di comunicazioni individuali, ad esempio via e-mail.<\/div>\n<div><\/div>\n<div>\n<ol start=\"4\">\n<li><strong> Uso previsto\/base giuridica<\/strong><\/li>\n<\/ol>\n<\/div>\n<div>Utilizziamo i vostri dati personali per i seguenti scopi:<\/div>\n<div>\n<ol>\n<li>Per fornire i servizi online richiesti dall'utente,<\/li>\n<li>Per garantire che il nostro sito web sia presentato nel modo pi\u00f9 efficace e interessante possibile;<\/li>\n<li>Per adempiere ai nostri obblighi derivanti da eventuali contratti stipulati tra voi e noi;<\/li>\n<li>Per informarvi sulle modifiche ai nostri servizi.<\/li>\n<\/ol>\n<\/div>\n<div>La raccolta dei dati avviene sulla base delle disposizioni dell'art. 6 DSGVO.<\/div>\n<div><\/div>\n<div>\n<ol start=\"5\">\n<li><strong> Informazioni sul computer e sui cookie<\/strong><\/li>\n<\/ol>\n<\/div>\n<div>Ogni volta che accedete al nostro sito web, raccogliamo le seguenti informazioni sul vostro computer: l'indirizzo IP del vostro computer, la richiesta del vostro browser e l'ora di questa richiesta. Inoltre, vengono registrati lo stato e la quantit\u00e0 di dati trasferiti nell'ambito della richiesta. Raccogliamo anche informazioni sul prodotto e sulla versione del browser utilizzato e sul sistema operativo del computer. Registriamo anche il sito web da cui si \u00e8 acceduto al nostro sito. L'indirizzo IP del vostro computer viene memorizzato solo per il tempo in cui utilizzate il sito web e poi viene immediatamente cancellato o anonimizzato abbreviandolo. I dati restanti vengono memorizzati per un periodo di tempo limitato. Utilizziamo questi dati per il funzionamento del nostro sito web, in particolare per individuare ed eliminare gli errori del sito web, per determinare l'utilizzo del sito web e per apportare modifiche o miglioramenti.<\/div>\n<div><\/div>\n<div>Possiamo anche raccogliere informazioni sull'utilizzo del nostro sito web attraverso l'uso dei cosiddetti cookie del browser. Si tratta di piccoli file di testo che vengono memorizzati sul vostro supporto dati e salvano determinate impostazioni e dati per lo scambio con il nostro sistema tramite il vostro browser. Un cookie contiene solitamente il nome del dominio da cui sono stati inviati i dati del cookie, nonch\u00e9 informazioni sull'et\u00e0 del cookie e un identificatore alfanumerico. I cookie consentono ai nostri sistemi di riconoscere il dispositivo dell'utente e di rendere immediatamente disponibili eventuali preferenze. Non appena un utente accede alla piattaforma, un cookie viene trasferito sul disco rigido del rispettivo computer dell'utente. I cookie ci aiutano a migliorare il nostro sito web e a offrirvi un servizio migliore e pi\u00f9 personalizzato. Ci permettono di riconoscere il vostro computer quando tornate sul nostro sito web e di memorizzare le informazioni sulle vostre attivit\u00e0 preferite sul sito web, adattando cos\u00ec il nostro sito web ai vostri interessi individuali.<\/div>\n<div><\/div>\n<div>I cookie che utilizziamo memorizzano solo i dati sopra descritti sull'utilizzo del sito web da parte dell'utente. Questo non avviene assegnandovi personalmente, ma assegnando un numero di identificazione al cookie (\"ID cookie\"). L'ID del cookie non \u00e8 collegato al vostro nome, al vostro indirizzo IP o a dati simili che consentirebbero di assegnare il cookie a voi. Se non desiderate utilizzare i cookie del browser, potete impostare il vostro browser in modo da non accettare i cookie. <strong>Si prega di notare che in questo caso potreste essere in grado di utilizzare il nostro sito web solo in misura limitata o per nulla.<\/strong><\/div>\n<div><\/div>\n<div>Questa memorizzazione avviene sulla base giuridica dell'art. 6 comma 1 lett. f) DSGVO. Il nostro legittimo interesse consiste nel miglioramento, nella stabilit\u00e0, nella funzionalit\u00e0 e nella sicurezza del nostro sito web.<\/div>\n<div><\/div>\n<div>\n<ol start=\"6\">\n<li><strong> Sicurezza dei dati<\/strong><\/li>\n<\/ol>\n<\/div>\n<div>Tutte le informazioni che ci trasmettete vengono memorizzate su server di provider che offrono un livello adeguato di protezione dei dati ai sensi dell'art. 45 (1) DSGVO. Purtroppo la trasmissione di informazioni via Internet non \u00e8 completamente sicura, per cui non possiamo garantire la sicurezza dei dati trasmessi al nostro sito web via Internet. Tuttavia, proteggiamo il nostro sito web e altri sistemi con misure tecniche e organizzative contro la perdita, la distruzione, l'accesso, la modifica o la distribuzione dei vostri dati da parte di persone non autorizzate. In particolare, trasmettiamo i vostri dati personali in forma criptata.<\/div>\n<div><\/div>\n<div><\/div>\n<div>\n<ol start=\"7\">\n<li><strong> Divulgazione\/fornitura di dati personali<\/strong><\/li>\n<\/ol>\n<\/div>\n<div>Non divulghiamo i vostri dati personali a terzi, a meno che non abbiate acconsentito alla divulgazione\/fornitura dei dati o che non abbiamo il diritto o l'obbligo di divulgare i dati a causa di disposizioni di legge e\/o ordini ufficiali o giudiziari. In particolare, ci\u00f2 pu\u00f2 comportare la comunicazione dei vostri dati ai fini della stipula o dell'adempimento di contratti, la comunicazione di informazioni ai fini del perseguimento penale, della prevenzione di pericoli o dell'applicazione dei diritti di propriet\u00e0 intellettuale.<\/div>\n<div>La mancata comunicazione dei vostri dati potrebbe comportare per voi e\/o per noi, ad esempio, il mancato adempimento delle prestazioni contrattuali, la risoluzione straordinaria del relativo contratto, richieste di risarcimento di costi e danni (anche da parte di terzi), e\/o multe o addirittura azioni penali per possibili violazioni di legge associate alla mancata comunicazione dei dati.<\/div>\n<div><\/div>\n<div>\n<ol start=\"8\">\n<li><strong> Protezione dei dati e siti web di terzi<\/strong><\/li>\n<\/ol>\n<\/div>\n<div>Il sito web pu\u00f2 contenere collegamenti ipertestuali a e da siti web di terzi. Se seguite un collegamento ipertestuale a uno di questi siti web, tenete presente che non possiamo assumerci alcuna responsabilit\u00e0 o garanzia per il contenuto o le condizioni di protezione dei dati di terzi. Pertanto, prima di trasmettere i vostri dati personali a questi siti web di terzi, assicuratevi di essere a conoscenza delle condizioni di protezione dei dati applicabili.<\/div>\n<div><\/div>\n<div>\n<ol start=\"9\">\n<li><strong> Commenti<\/strong><\/li>\n<\/ol>\n<\/div>\n<div>\u00c8 possibile lasciare commenti sul nostro sito web. Memorizziamo il vostro indirizzo IP per un periodo di 7 giorni. La memorizzazione serve a proteggerci nel caso in cui qualcuno lasci dei post con contenuti che violano le norme di legge. In questo caso, terzi possono avanzare richieste di risarcimento nei nostri confronti e siamo quindi interessati a chiarire l'identit\u00e0 del rispettivo autore. A questo proposito, la memorizzazione dell'indirizzo IP si basa sui nostri interessi legittimi ai sensi dell'art. 6 comma 1 lett. f) DSGVO.<\/div>\n<div><\/div>\n<div>Inoltre, ci riserviamo il diritto di elaborare i dati dell'utente sulla base dei nostri interessi legittimi ai sensi dell'art. 6 comma 1 lett. f) DSGVO per il riconoscimento dello spam.<\/div>\n<div><\/div>\n<div>I dati forniti nell'ambito del commento saranno da noi conservati in modo permanente fino a quando l'utente non si opporr\u00e0.<\/div>\n<div><\/div>\n<div>\n<ol start=\"9\">\n<li><strong> Dati che riceviamo nel corso di comunicazioni individuali, ad esempio attraverso richieste di informazioni via e-mail.<\/strong><\/li>\n<\/ol>\n<\/div>\n<div>I dati che riceviamo dall'utente nel corso di una comunicazione individuale vengono memorizzati da noi per i seguenti scopi:<\/div>\n<div><\/div>\n<div>\n<ol>\n<li>a) Per eseguire i nostri obblighi ai sensi di qualsiasi contratto stipulato tra voi e noi o per avviare tali contratti.<\/li>\n<\/ol>\n<\/div>\n<div>\n<ol>\n<li>b) Per elaborare la richiesta di informazioni e in caso di domande.<\/li>\n<\/ol>\n<\/div>\n<div>La base giuridica per la raccolta di questi dati \u00e8 il vostro consenso al trattamento ai sensi dell'art. 6 (1) (a) DSGVO, il fatto che il trattamento ai sensi dell'art. 6 (1) (b) DSGVO sia necessario per l'esecuzione di un contratto di cui l'interessato \u00e8 parte o per l'attuazione di misure precontrattuali adottate su vostra richiesta e\/o il trattamento ai sensi dell'art. 6 (1) (c) DSGVO sia necessario per l'adempimento di un obbligo legale a cui siamo soggetti. Ci\u00f2 riguarda in particolare gli obblighi di archiviazione commerciale per la corrispondenza commerciale. Inoltre, un rapporto di clientela continuativo tra voi e noi costituisce un interesse legittimo ai sensi dell'Art. 6 comma 1 lett. f). DSGVO.<\/div>\n<div><\/div>\n<div><strong><u>\u00c8 possibile revocare il proprio consenso in qualsiasi momento inviando un breve messaggio ai nostri recapiti indicati nell'impronta.<\/u><\/strong><\/div>\n<div><\/div>\n<div>\n<ol start=\"10\">\n<li><strong> Cancellazione dei dati<\/strong><\/li>\n<\/ol>\n<\/div>\n<div>I dati da noi elaborati saranno cancellati o limitati nel loro trattamento ai sensi degli articoli 17 e 18 DSGVO. Se non espressamente indicato nell'ambito della presente dichiarazione sulla protezione dei dati, i dati da noi memorizzati saranno cancellati non appena non saranno pi\u00f9 necessari per lo scopo previsto e la cancellazione non sar\u00e0 in contrasto con gli obblighi di conservazione previsti dalla legge. Se i dati non vengono cancellati perch\u00e9 sono necessari per altri scopi legalmente consentiti, il loro trattamento sar\u00e0 limitato. In altre parole, i dati vengono bloccati e non vengono elaborati per altri scopi. Ci\u00f2 vale, ad esempio, per i dati che devono essere conservati per motivi di diritto commerciale o fiscale.<\/div>\n<div><\/div>\n<div>In conformit\u00e0 ai requisiti di legge in Germania, la conservazione avviene in particolare per 10 anni ai sensi dei \u00a7\u00a7 147 comma 1 AO, 257 comma 1 nn. 1 e 4, comma 4 HGB (libri, registri, rapporti di gestione, buoni contabili, libri commerciali, documenti rilevanti ai fini fiscali, ecc.) e per 6 anni ai sensi del \u00a7 257 comma 1 nn. 2 e 3, comma 4 HGB (lettere commerciali).<\/div>\n<div><\/div>\n<div>\n<ol start=\"11\">\n<li><strong> Caratteri di Google<\/strong><\/li>\n<\/ol>\n<\/div>\n<div>Sul nostro sito web utilizziamo font esterni di Google Fonts. Google Fonts \u00e8 un servizio fornito da Google Inc (\"Google\"). Questi font web sono integrati tramite una chiamata al server, che di solito \u00e8 un server di Google negli Stati Uniti. Questo trasmette al server quali delle nostre pagine Internet sono state visitate dall'utente. Anche l'indirizzo IP del browser del dispositivo finale del visitatore di queste pagine web viene memorizzato da Google. Ulteriori informazioni sono contenute nell'informativa sulla privacy di Google, consultabile qui: <a href=\"https:\/\/prelive.transmed.21torr.com\/typo3\/www.google.com\/policies\/privacy\/\">www.google.com\/policies\/privacy\/<\/a> e <a href=\"https:\/\/prelive.transmed.21torr.com\/typo3\/www.google.com\/fonts#AboutPlace:about\">www.google.com\/fonts#AboutPlace:about<\/a><\/div>\n<div><\/div>\n<div>La base giuridica \u00e8 l'art. 6 comma 1 lett. f) DSGVO. Il nostro legittimo interesse consiste nell'ottimizzare la funzionalit\u00e0 del nostro sito web.<\/div>\n<div><\/div>\n<div>\n<ol start=\"12\">\n<li><strong> Utilizzo del reCaptcha di Google<\/strong><\/li>\n<\/ol>\n<\/div>\n<div>Il nostro sito web utilizza la funzione reCaptcha per riconoscere gli inserimenti automatici, ad esempio nei moduli di contatto. Google Inc. 1600 Amphitheatre Parkway, Mountain View, CA 94043, USA, \u00e8 il gestore di questa funzione.<\/div>\n<div><\/div>\n<div>L'informativa sulla privacy di Google \u00e8 disponibile all'indirizzo <a href=\"https:\/\/www.google.com\/policies\/privacy\/\">https:\/\/www.google.com\/policies\/privacy\/<\/a>.<\/div>\n<div><\/div>\n<div>Opt-out: <a href=\"https:\/\/adssettings.google.com\/authenticated\">https:\/\/adssettings.google.com\/authenticated<\/a>.<\/div>\n<div><\/div>\n<div>La base giuridica \u00e8 l'art. 6 comma 1 lett. f) DSGVO. Il nostro legittimo interesse consiste nell'ottimizzare la funzionalit\u00e0 del nostro sito web.<\/div>\n<div><\/div>\n<div>\n<ol start=\"13\">\n<li><strong>13<\/strong><strong>. Modifiche alla presente Informativa sulla privacy<\/strong><\/li>\n<\/ol>\n<\/div>\n<div>Ci riserviamo il diritto di modificare la presente informativa sulla privacy in qualsiasi momento con effetto futuro. Una versione aggiornata \u00e8 disponibile sul sito web. Vi invitiamo a visitare regolarmente il sito web e a informarvi sulle disposizioni vigenti in materia di protezione dei dati.<\/div>\n<div><\/div>\n<div>\n<ol start=\"14\">\n<li><strong> Diritti e contatti<\/strong><\/li>\n<\/ol>\n<\/div>\n<div>Ad esempio, potete consultare gratuitamente i vostri dati personali in qualsiasi momento e, se necessario, richiederne la rettifica e\/o - se la memorizzazione dei dati non \u00e8 necessaria ai fini dell'adempimento di un contratto, per motivi legali o di legge - la cancellazione e\/o il blocco. Vi raccomandiamo di aver messo al sicuro i vostri dati prima di far valere una richiesta di cancellazione nei nostri confronti. Potreste anche avere i diritti di limitazione del trattamento, di opposizione al trattamento e di portabilit\u00e0 dei dati, che derivano dagli artt. 15-21 del Regolamento generale sulla protezione dei dati (DSGVO). Se il trattamento si basa sul vostro consenso separato, potete revocarlo in qualsiasi momento con effetto per il futuro.<\/div>\n<div>Per i suddetti scopi e\/o per ottenere informazioni pi\u00f9 dettagliate in merito, vi preghiamo di contattarci via e-mail all'indirizzo lucia.schwalenberg@htp-tel.de o ai nostri recapiti e indirizzi indicati nell'imprinting di questo sito web.<\/div>\n<div><strong>\u00a0<\/strong><\/div>\n<div>In caso di domande, commenti o richieste relative alla raccolta, all'elaborazione e all'utilizzo dei vostri dati personali da parte nostra, vi preghiamo di contattarci tramite i dati di contatto forniti nell'imprinting di queste pagine web, come gi\u00e0 spiegato. Se ritenete che il trattamento dei vostri dati personali da parte nostra avvenga in modo illecito, avete anche il diritto, senza pregiudizio, in qualit\u00e0 di interessati, di presentare un reclamo a una delle autorit\u00e0 di controllo competenti ai sensi dell'articolo 77 del GDPR.<\/div>\n<div><\/div>\n<div>Fine delle istruzioni sulla protezione dei dati.<\/div>","protected":false},"excerpt":{"rendered":"<p>Informazioni sulla protezione dei dati Raccogliamo, utilizziamo e memorizziamo i vostri dati personali esclusivamente in conformit\u00e0 alle disposizioni della normativa vigente in materia di protezione dei dati della Repubblica Federale di Germania. Di seguito vi informiamo sul tipo, l'ambito e lo scopo della raccolta e dell'utilizzo dei dati. Ente responsabile Il gestore del sito web sotto il dominio https:\/\/www.luciaschwalenberg.de e quindi l'ente responsabile \u00e8 Lucia Schwalenberg Neue Str. 13 30974 Wennigsen\/ Germania ... <a href=\"https:\/\/luciaschwalenberg.de\/it\/protezione-dei-dati\/\" class=\"more-link\">Continua a leggere <span class=\"screen-reader-text\">Informativa sulla privacy<\/span><\/a><\/p>","protected":false},"author":1,"featured_media":0,"parent":0,"menu_order":0,"comment_status":"closed","ping_status":"open","template":"","meta":{"_acf_changed":false,"footnotes":""},"class_list":["post-7","page","type-page","status-publish","hentry"],"acf":[],"yoast_head":"<!-- This site is optimized with the Yoast SEO plugin v25.6 - https:\/\/yoast.com\/wordpress\/plugins\/seo\/ -->\n<title>Datenschutzerkl\u00e4rung - Lucia Schwalenberg<\/title>\n<meta name=\"description\" content=\"Datenschutzbelehrung Wir erheben, verwenden und speichern Ihre personenbezogenen Daten ausschlie\u00dflich im Rahmen der Bestimmungen der g\u00fcltigen\" \/>\n<meta name=\"robots\" content=\"index, follow, max-snippet:-1, max-image-preview:large, max-video-preview:-1\" \/>\n<link rel=\"canonical\" href=\"https:\/\/luciaschwalenberg.de\/it\/protezione-dei-dati\/\" \/>\n<meta property=\"og:locale\" content=\"it_IT\" \/>\n<meta property=\"og:type\" content=\"article\" \/>\n<meta property=\"og:title\" content=\"Datenschutzerkl\u00e4rung - Lucia Schwalenberg\" \/>\n<meta property=\"og:description\" content=\"Datenschutzbelehrung Wir erheben, verwenden und speichern Ihre personenbezogenen Daten ausschlie\u00dflich im Rahmen der Bestimmungen der g\u00fcltigen\" \/>\n<meta property=\"og:url\" content=\"https:\/\/luciaschwalenberg.de\/it\/protezione-dei-dati\/\" \/>\n<meta property=\"og:site_name\" content=\"Lucia Schwalenberg\" \/>\n<meta property=\"article:publisher\" content=\"https:\/\/www.facebook.com\/webereiluciaschwalenberg\" \/>\n<meta property=\"article:modified_time\" content=\"2018-07-20T14:08:11+00:00\" \/>\n<meta name=\"twitter:card\" content=\"summary_large_image\" \/>\n<meta name=\"twitter:site\" content=\"@luciaweberei\" \/>\n<meta name=\"twitter:label1\" content=\"Tempo di lettura stimato\" \/>\n\t<meta name=\"twitter:data1\" content=\"10 minuti\" \/>\n<script type=\"application\/ld+json\" class=\"yoast-schema-graph\">{\"@context\":\"https:\/\/schema.org\",\"@graph\":[{\"@type\":\"WebPage\",\"@id\":\"https:\/\/luciaschwalenberg.de\/datenschutz\/\",\"url\":\"https:\/\/luciaschwalenberg.de\/datenschutz\/\",\"name\":\"Datenschutzerkl\u00e4rung - Lucia Schwalenberg\",\"isPartOf\":{\"@id\":\"https:\/\/luciaschwalenberg.de\/#website\"},\"datePublished\":\"2015-04-21T21:03:35+00:00\",\"dateModified\":\"2018-07-20T14:08:11+00:00\",\"description\":\"Datenschutzbelehrung Wir erheben, verwenden und speichern Ihre personenbezogenen Daten ausschlie\u00dflich im Rahmen der Bestimmungen der g\u00fcltigen\",\"breadcrumb\":{\"@id\":\"https:\/\/luciaschwalenberg.de\/datenschutz\/#breadcrumb\"},\"inLanguage\":\"it-IT\",\"potentialAction\":[{\"@type\":\"ReadAction\",\"target\":[\"https:\/\/luciaschwalenberg.de\/datenschutz\/\"]}]},{\"@type\":\"BreadcrumbList\",\"@id\":\"https:\/\/luciaschwalenberg.de\/datenschutz\/#breadcrumb\",\"itemListElement\":[{\"@type\":\"ListItem\",\"position\":1,\"name\":\"Home\",\"item\":\"https:\/\/luciaschwalenberg.de\/\"},{\"@type\":\"ListItem\",\"position\":2,\"name\":\"Datenschutzerkl\u00e4rung\"}]},{\"@type\":\"WebSite\",\"@id\":\"https:\/\/luciaschwalenberg.de\/#website\",\"url\":\"https:\/\/luciaschwalenberg.de\/\",\"name\":\"Lucia Schwalenberg\",\"description\":\"WEBEREI &amp; TEXTILDESIGN\",\"publisher\":{\"@id\":\"https:\/\/luciaschwalenberg.de\/#organization\"},\"potentialAction\":[{\"@type\":\"SearchAction\",\"target\":{\"@type\":\"EntryPoint\",\"urlTemplate\":\"https:\/\/luciaschwalenberg.de\/?s={search_term_string}\"},\"query-input\":{\"@type\":\"PropertyValueSpecification\",\"valueRequired\":true,\"valueName\":\"search_term_string\"}}],\"inLanguage\":\"it-IT\"},{\"@type\":\"Organization\",\"@id\":\"https:\/\/luciaschwalenberg.de\/#organization\",\"name\":\"Weberei und Textildesign Lucia Schwalenberg\",\"url\":\"https:\/\/luciaschwalenberg.de\/\",\"logo\":{\"@type\":\"ImageObject\",\"inLanguage\":\"it-IT\",\"@id\":\"https:\/\/luciaschwalenberg.de\/#\/schema\/logo\/image\/\",\"url\":\"https:\/\/luciaschwalenberg.de\/wp-content\/uploads\/logo-alt-lucia4.png\",\"contentUrl\":\"https:\/\/luciaschwalenberg.de\/wp-content\/uploads\/logo-alt-lucia4.png\",\"width\":246,\"height\":169,\"caption\":\"Weberei und Textildesign Lucia Schwalenberg\"},\"image\":{\"@id\":\"https:\/\/luciaschwalenberg.de\/#\/schema\/logo\/image\/\"},\"sameAs\":[\"https:\/\/www.facebook.com\/webereiluciaschwalenberg\",\"https:\/\/x.com\/luciaweberei\"]}]}<\/script>\n<!-- \/ Yoast SEO plugin. -->","yoast_head_json":{"title":"Informativa sulla privacy - Lucia Schwalenberg","description":"Raccogliamo, utilizziamo e conserviamo i vostri dati personali esclusivamente nell'ambito delle disposizioni delle leggi vigenti in materia di protezione dei dati.","robots":{"index":"index","follow":"follow","max-snippet":"max-snippet:-1","max-image-preview":"max-image-preview:large","max-video-preview":"max-video-preview:-1"},"canonical":"https:\/\/luciaschwalenberg.de\/it\/protezione-dei-dati\/","og_locale":"it_IT","og_type":"article","og_title":"Datenschutzerkl\u00e4rung - Lucia Schwalenberg","og_description":"Datenschutzbelehrung Wir erheben, verwenden und speichern Ihre personenbezogenen Daten ausschlie\u00dflich im Rahmen der Bestimmungen der g\u00fcltigen","og_url":"https:\/\/luciaschwalenberg.de\/it\/protezione-dei-dati\/","og_site_name":"Lucia Schwalenberg","article_publisher":"https:\/\/www.facebook.com\/webereiluciaschwalenberg","article_modified_time":"2018-07-20T14:08:11+00:00","twitter_card":"summary_large_image","twitter_site":"@luciaweberei","twitter_misc":{"Tempo di lettura stimato":"10 minuti"},"schema":{"@context":"https:\/\/schema.org","@graph":[{"@type":"WebPage","@id":"https:\/\/luciaschwalenberg.de\/datenschutz\/","url":"https:\/\/luciaschwalenberg.de\/datenschutz\/","name":"Informativa sulla privacy - Lucia Schwalenberg","isPartOf":{"@id":"https:\/\/luciaschwalenberg.de\/#website"},"datePublished":"2015-04-21T21:03:35+00:00","dateModified":"2018-07-20T14:08:11+00:00","description":"Raccogliamo, utilizziamo e conserviamo i vostri dati personali esclusivamente nell'ambito delle disposizioni delle leggi vigenti in materia di protezione dei dati.","breadcrumb":{"@id":"https:\/\/luciaschwalenberg.de\/datenschutz\/#breadcrumb"},"inLanguage":"it-IT","potentialAction":[{"@type":"ReadAction","target":["https:\/\/luciaschwalenberg.de\/datenschutz\/"]}]},{"@type":"BreadcrumbList","@id":"https:\/\/luciaschwalenberg.de\/datenschutz\/#breadcrumb","itemListElement":[{"@type":"ListItem","position":1,"name":"Home","item":"https:\/\/luciaschwalenberg.de\/"},{"@type":"ListItem","position":2,"name":"Datenschutzerkl\u00e4rung"}]},{"@type":"WebSite","@id":"https:\/\/luciaschwalenberg.de\/#website","url":"https:\/\/luciaschwalenberg.de\/","name":"Lucia Schwalenberg","description":"TESSITURA E DESIGN TESSILE","publisher":{"@id":"https:\/\/luciaschwalenberg.de\/#organization"},"potentialAction":[{"@type":"SearchAction","target":{"@type":"EntryPoint","urlTemplate":"https:\/\/luciaschwalenberg.de\/?s={search_term_string}"},"query-input":{"@type":"PropertyValueSpecification","valueRequired":true,"valueName":"search_term_string"}}],"inLanguage":"it-IT"},{"@type":"Organization","@id":"https:\/\/luciaschwalenberg.de\/#organization","name":"Tessitura e design tessile Lucia Schwalenberg","url":"https:\/\/luciaschwalenberg.de\/","logo":{"@type":"ImageObject","inLanguage":"it-IT","@id":"https:\/\/luciaschwalenberg.de\/#\/schema\/logo\/image\/","url":"https:\/\/luciaschwalenberg.de\/wp-content\/uploads\/logo-alt-lucia4.png","contentUrl":"https:\/\/luciaschwalenberg.de\/wp-content\/uploads\/logo-alt-lucia4.png","width":246,"height":169,"caption":"Weberei und Textildesign Lucia Schwalenberg"},"image":{"@id":"https:\/\/luciaschwalenberg.de\/#\/schema\/logo\/image\/"},"sameAs":["https:\/\/www.facebook.com\/webereiluciaschwalenberg","https:\/\/x.com\/luciaweberei"]}]}},"_links":{"self":[{"href":"https:\/\/luciaschwalenberg.de\/it\/wp-json\/wp\/v2\/pages\/7","targetHints":{"allow":["GET"]}}],"collection":[{"href":"https:\/\/luciaschwalenberg.de\/it\/wp-json\/wp\/v2\/pages"}],"about":[{"href":"https:\/\/luciaschwalenberg.de\/it\/wp-json\/wp\/v2\/types\/page"}],"author":[{"embeddable":true,"href":"https:\/\/luciaschwalenberg.de\/it\/wp-json\/wp\/v2\/users\/1"}],"replies":[{"embeddable":true,"href":"https:\/\/luciaschwalenberg.de\/it\/wp-json\/wp\/v2\/comments?post=7"}],"version-history":[{"count":0,"href":"https:\/\/luciaschwalenberg.de\/it\/wp-json\/wp\/v2\/pages\/7\/revisions"}],"wp:attachment":[{"href":"https:\/\/luciaschwalenberg.de\/it\/wp-json\/wp\/v2\/media?parent=7"}],"curies":[{"name":"wp","href":"https:\/\/api.w.org\/{rel}","templated":true}]}}